{"id":4726,"date":"2020-05-24T03:47:17","date_gmt":"2020-05-24T03:47:17","guid":{"rendered":"https:\/\/taluelu.eu\/?page_id=4726"},"modified":"2020-05-24T03:47:18","modified_gmt":"2020-05-24T03:47:18","slug":"avaleht","status":"publish","type":"page","link":"https:\/\/taluelu.eu\/en\/avaleht\/","title":{"rendered":"Avaleht"},"content":{"rendered":"<div class=\"wpb-content-wrapper\"><p>[vc_row full_width=&#8221;stretch_row&#8221;][vc_column]\n\t\t\t\t<p class=\"rs-p-wp-fix\"><\/p>\n\t\t\t\t<sr7-module data-alias=\"home-12\" data-id=\"2\" id=\"SR7_2_1\" class=\"rs-ov-hidden\" data-version=\"6.7.35\">\n\t\t\t\t\t<sr7-adjuster><\/sr7-adjuster>\n\t\t\t\t\t<sr7-content>\n\t\t\t\t\t\t<sr7-slide id=\"SR7_2_1-2\" data-key=\"2\">\n\t\t\t\t\t\t\t<sr7-txt id=\"SR7_2_1-2-1\" class=\"sr7-layer\"><span style=\"font-weight:600;\">Aitame igap\u00e4evaelus \nloodust<br> s\u00e4\u00e4sta ja v\u00e4hem tarbida<\/span>\n<\/sr7-txt>\n\t\t\t\t\t\t\t<sr7-txt id=\"SR7_2_1-2-2\" class=\"sr7-layer\">Fum iriure dolor in hendrerit in vul velit esse molestie consequat, vel illum dolore eu fer feugiat nulla facilisis at vero eros et accumsan et iusto odio<\/sr7-txt>\n\t\t\t\t\t\t<\/sr7-slide>\n\t\t\t\t\t\t<sr7-slide id=\"SR7_2_1-4\" data-key=\"4\">\n\t\t\t\t\t\t<\/sr7-slide>\n\t\t\t\t\t<\/sr7-content>\n\t\t\t\t<\/sr7-module>\n\t\t\t\t<script>\n\t\t\t\t\tSR7.PMH ??={}; SR7.PMH[\"SR7_2_1\"] = {cn:100,state:false,fn: function() { if (_tpt!==undefined && _tpt.prepareModuleHeight !== undefined) {  _tpt.prepareModuleHeight({id:\"SR7_2_1\",el:[868,868,768,960,720],type:'hero',shdw:'0',gh:[868,868,768,960,720],gw:[1920,1920,1441,778,480],vpt:['-200px&#039;,&#039;-200px&#039;,&#039;-200px&#039;,&#039;-200px&#039;,&#039;-200px'],size:{fullWidth:true, fullHeight:true},fho:'.touch .qodef-mobile-header,',mh:'0',onh:0,onw:0,bg:{color:'{\"orig\":\"transparent\",\"type\":\"solid\",\"string\":\"transparent\"}',image:{src:'http:\/\/alecta.select-themes.com\/wp-content\/uploads\/2017\/06\/h12-slider-cover.jpg',size:'',position:'center center',repeat:''}},plType:'-1',plColor:'#FFFFFF'});   SR7.PMH[\"SR7_2_1\"].state=true;} else if(SR7.PMH[\"SR7_2_1\"].cn-->0)\tsetTimeout( SR7.PMH[\"SR7_2_1\"].fn,19);}};SR7.PMH[\"SR7_2_1\" ].fn();\n\t\t\t\t<\/script>\n[\/vc_column][\/vc_row]<\/p>\n<\/div>","protected":false},"excerpt":{"rendered":"<p>[vc_row full_width=&#8221;stretch_row&#8221;][vc_column][\/vc_column][\/vc_row]<\/p>\n","protected":false},"author":2,"featured_media":0,"parent":0,"menu_order":0,"comment_status":"closed","ping_status":"closed","template":"","meta":{"footnotes":""},"class_list":["post-4726","page","type-page","status-publish","hentry"],"yoast_head":"<!-- This site is optimized with the Yoast SEO plugin v25.5 - https:\/\/yoast.com\/wordpress\/plugins\/seo\/ -->\n<title>Avaleht | Taluelu<\/title>\n<meta name=\"robots\" content=\"index, follow, max-snippet:-1, max-image-preview:large, max-video-preview:-1\" \/>\n<link rel=\"canonical\" href=\"https:\/\/taluelu.eu\/en\/avaleht\/\" \/>\n<meta property=\"og:locale\" content=\"en_US\" \/>\n<meta property=\"og:type\" content=\"article\" \/>\n<meta property=\"og:title\" content=\"Avaleht | Taluelu\" \/>\n<meta property=\"og:description\" content=\"[vc_row full_width=&#8221;stretch_row&#8221;][vc_column][\/vc_column][\/vc_row]\" \/>\n<meta property=\"og:url\" content=\"https:\/\/taluelu.eu\/en\/avaleht\/\" \/>\n<meta property=\"og:site_name\" content=\"Taluelu\" \/>\n<meta property=\"article:publisher\" content=\"https:\/\/www.facebook.com\/taluelu.eu\" \/>\n<meta property=\"article:modified_time\" content=\"2020-05-24T03:47:18+00:00\" \/>\n<meta name=\"twitter:card\" content=\"summary_large_image\" \/>\n<script type=\"application\/ld+json\" class=\"yoast-schema-graph\">{\"@context\":\"https:\/\/schema.org\",\"@graph\":[{\"@type\":\"WebPage\",\"@id\":\"https:\/\/taluelu.eu\/en\/avaleht\/\",\"url\":\"https:\/\/taluelu.eu\/en\/avaleht\/\",\"name\":\"Avaleht | Taluelu\",\"isPartOf\":{\"@id\":\"https:\/\/taluelu.eu\/#website\"},\"datePublished\":\"2020-05-24T03:47:17+00:00\",\"dateModified\":\"2020-05-24T03:47:18+00:00\",\"breadcrumb\":{\"@id\":\"https:\/\/taluelu.eu\/en\/avaleht\/#breadcrumb\"},\"inLanguage\":\"en-US\",\"potentialAction\":[{\"@type\":\"ReadAction\",\"target\":[\"https:\/\/taluelu.eu\/en\/avaleht\/\"]}]},{\"@type\":\"BreadcrumbList\",\"@id\":\"https:\/\/taluelu.eu\/en\/avaleht\/#breadcrumb\",\"itemListElement\":[{\"@type\":\"ListItem\",\"position\":1,\"name\":\"Home\",\"item\":\"https:\/\/taluelu.eu\/\"},{\"@type\":\"ListItem\",\"position\":2,\"name\":\"Avaleht\"}]},{\"@type\":\"WebSite\",\"@id\":\"https:\/\/taluelu.eu\/#website\",\"url\":\"https:\/\/taluelu.eu\/\",\"name\":\"Taluelu\",\"description\":\"Puhas Eesti taluk\u00e4sit\u00f6\u00f6\",\"publisher\":{\"@id\":\"https:\/\/taluelu.eu\/#organization\"},\"potentialAction\":[{\"@type\":\"SearchAction\",\"target\":{\"@type\":\"EntryPoint\",\"urlTemplate\":\"https:\/\/taluelu.eu\/?s={search_term_string}\"},\"query-input\":{\"@type\":\"PropertyValueSpecification\",\"valueRequired\":true,\"valueName\":\"search_term_string\"}}],\"inLanguage\":\"en-US\"},{\"@type\":\"Organization\",\"@id\":\"https:\/\/taluelu.eu\/#organization\",\"name\":\"Taluelu.eu\",\"url\":\"https:\/\/taluelu.eu\/\",\"logo\":{\"@type\":\"ImageObject\",\"inLanguage\":\"en-US\",\"@id\":\"https:\/\/taluelu.eu\/#\/schema\/logo\/image\/\",\"url\":\"https:\/\/taluelu.eu\/wp-content\/uploads\/2020\/06\/cropped-Mesilane.png\",\"contentUrl\":\"https:\/\/taluelu.eu\/wp-content\/uploads\/2020\/06\/cropped-Mesilane.png\",\"width\":512,\"height\":512,\"caption\":\"Taluelu.eu\"},\"image\":{\"@id\":\"https:\/\/taluelu.eu\/#\/schema\/logo\/image\/\"},\"sameAs\":[\"https:\/\/www.facebook.com\/taluelu.eu\",\"https:\/\/www.instagram.com\/taluelu.eu\/\"]}]}<\/script>\n<!-- \/ Yoast SEO plugin. -->","yoast_head_json":{"title":"Avaleht | Taluelu","robots":{"index":"index","follow":"follow","max-snippet":"max-snippet:-1","max-image-preview":"max-image-preview:large","max-video-preview":"max-video-preview:-1"},"canonical":"https:\/\/taluelu.eu\/en\/avaleht\/","og_locale":"en_US","og_type":"article","og_title":"Avaleht | Taluelu","og_description":"[vc_row full_width=&#8221;stretch_row&#8221;][vc_column][\/vc_column][\/vc_row]","og_url":"https:\/\/taluelu.eu\/en\/avaleht\/","og_site_name":"Taluelu","article_publisher":"https:\/\/www.facebook.com\/taluelu.eu","article_modified_time":"2020-05-24T03:47:18+00:00","twitter_card":"summary_large_image","schema":{"@context":"https:\/\/schema.org","@graph":[{"@type":"WebPage","@id":"https:\/\/taluelu.eu\/en\/avaleht\/","url":"https:\/\/taluelu.eu\/en\/avaleht\/","name":"Avaleht | Taluelu","isPartOf":{"@id":"https:\/\/taluelu.eu\/#website"},"datePublished":"2020-05-24T03:47:17+00:00","dateModified":"2020-05-24T03:47:18+00:00","breadcrumb":{"@id":"https:\/\/taluelu.eu\/en\/avaleht\/#breadcrumb"},"inLanguage":"en-US","potentialAction":[{"@type":"ReadAction","target":["https:\/\/taluelu.eu\/en\/avaleht\/"]}]},{"@type":"BreadcrumbList","@id":"https:\/\/taluelu.eu\/en\/avaleht\/#breadcrumb","itemListElement":[{"@type":"ListItem","position":1,"name":"Home","item":"https:\/\/taluelu.eu\/"},{"@type":"ListItem","position":2,"name":"Avaleht"}]},{"@type":"WebSite","@id":"https:\/\/taluelu.eu\/#website","url":"https:\/\/taluelu.eu\/","name":"Taluelu","description":"Puhas Eesti taluk\u00e4sit\u00f6\u00f6","publisher":{"@id":"https:\/\/taluelu.eu\/#organization"},"potentialAction":[{"@type":"SearchAction","target":{"@type":"EntryPoint","urlTemplate":"https:\/\/taluelu.eu\/?s={search_term_string}"},"query-input":{"@type":"PropertyValueSpecification","valueRequired":true,"valueName":"search_term_string"}}],"inLanguage":"en-US"},{"@type":"Organization","@id":"https:\/\/taluelu.eu\/#organization","name":"Taluelu.eu","url":"https:\/\/taluelu.eu\/","logo":{"@type":"ImageObject","inLanguage":"en-US","@id":"https:\/\/taluelu.eu\/#\/schema\/logo\/image\/","url":"https:\/\/taluelu.eu\/wp-content\/uploads\/2020\/06\/cropped-Mesilane.png","contentUrl":"https:\/\/taluelu.eu\/wp-content\/uploads\/2020\/06\/cropped-Mesilane.png","width":512,"height":512,"caption":"Taluelu.eu"},"image":{"@id":"https:\/\/taluelu.eu\/#\/schema\/logo\/image\/"},"sameAs":["https:\/\/www.facebook.com\/taluelu.eu","https:\/\/www.instagram.com\/taluelu.eu\/"]}]}},"_links":{"self":[{"href":"https:\/\/taluelu.eu\/en\/wp-json\/wp\/v2\/pages\/4726","targetHints":{"allow":["GET"]}}],"collection":[{"href":"https:\/\/taluelu.eu\/en\/wp-json\/wp\/v2\/pages"}],"about":[{"href":"https:\/\/taluelu.eu\/en\/wp-json\/wp\/v2\/types\/page"}],"author":[{"embeddable":true,"href":"https:\/\/taluelu.eu\/en\/wp-json\/wp\/v2\/users\/2"}],"replies":[{"embeddable":true,"href":"https:\/\/taluelu.eu\/en\/wp-json\/wp\/v2\/comments?post=4726"}],"version-history":[{"count":1,"href":"https:\/\/taluelu.eu\/en\/wp-json\/wp\/v2\/pages\/4726\/revisions"}],"predecessor-version":[{"id":4727,"href":"https:\/\/taluelu.eu\/en\/wp-json\/wp\/v2\/pages\/4726\/revisions\/4727"}],"wp:attachment":[{"href":"https:\/\/taluelu.eu\/en\/wp-json\/wp\/v2\/media?parent=4726"}],"curies":[{"name":"wp","href":"https:\/\/api.w.org\/{rel}","templated":true}]}}